{"id":8,"date":"2020-02-10T11:29:51","date_gmt":"2020-02-10T10:29:51","guid":{"rendered":"http:\/\/yogabrabantwallon.be\/?page_id=8"},"modified":"2020-03-03T10:26:34","modified_gmt":"2020-03-03T09:26:34","slug":"home","status":"publish","type":"page","link":"https:\/\/yogabrabantwallon.be\/","title":{"rendered":"Bienvenue"},"content":{"rendered":"<p>Je vous souhaite la bienvenue aux cours de yoga Iyengar de Blanmont!&nbsp; Blanmont se situe dans le Brabant Wallon entre Louvain-la-Neuve et Gembloux.<\/p>\n<p>Une salle de yoga pouvant accueillir 9 \u00e9l\u00e8ves a \u00e9t\u00e9 am\u00e9nag\u00e9e au dernier \u00e9tage de ma maison, dans laquelle j\u2019ai le grand plaisir de vous recevoir.<\/p>\n<p>En dehors de mon parcours universitaire et professionnel classique, l&rsquo;activit\u00e9 physique et le soin du corps ont toujours \u00e9t\u00e9 mes centres d&rsquo;int\u00e9r\u00eat. Le Pilates a \u00e9t\u00e9 ma premi\u00e8re d\u00e9couverte mais c&rsquo;est le yoga Iyengar qui a \u00e9t\u00e9 une v\u00e9ritable r\u00e9v\u00e9lation.<\/p>\n<p>Dans ce yoga, la recherche de l&rsquo;alignement, la dur\u00e9e des postures et leur s\u00e9quence permettent au corps et \u00e0 l&rsquo;esprit de s&rsquo;harmoniser et de se renforcer, d&rsquo;une mani\u00e8re globale et profonde, jusqu&rsquo;\u00e0 la couche organique de notre corps et au c\u0153ur de notre mental.<\/p>\n<p>Cette recherche profonde m&rsquo;accompagne d\u00e9sormais quotidiennement, et mon plus grand souhait est de pouvoir vous transmettre l&rsquo;envie d&rsquo;aller plus loin dans la d\u00e9couverte du yoga.<\/p>\n<p>Coralie<\/p>\n\n\n<figure class=\"wp-block-image size-large\"><img loading=\"lazy\" decoding=\"async\" width=\"666\" height=\"374\" src=\"https:\/\/yogabrabantwallon.be\/wp-content\/uploads\/2020\/02\/Screenshot_20200212-220136_Video-Player-2.jpg\" alt=\"\" class=\"wp-image-95\" srcset=\"https:\/\/yogabrabantwallon.be\/wp-content\/uploads\/2020\/02\/Screenshot_20200212-220136_Video-Player-2.jpg 666w, https:\/\/yogabrabantwallon.be\/wp-content\/uploads\/2020\/02\/Screenshot_20200212-220136_Video-Player-2-300x168.jpg 300w\" sizes=\"auto, (max-width: 666px) 100vw, 666px\" \/><\/figure>\n","protected":false},"excerpt":{"rendered":"<p>Je vous souhaite la bienvenue aux cours de yoga Iyengar de Blanmont!&nbsp; Blanmont se situe dans le Brabant Wallon entre Louvain-la-Neuve et Gembloux. Une salle de yoga pouvant accueillir 9 \u00e9l\u00e8ves a \u00e9t\u00e9 am\u00e9nag\u00e9e au dernier \u00e9tage de ma maison, dans laquelle j\u2019ai le grand plaisir de vous recevoir. En dehors de mon parcours universitaire &hellip; <\/p>\n<p class=\"link-more\"><a href=\"https:\/\/yogabrabantwallon.be\/\" class=\"more-link\">Continuer la lecture<span class=\"screen-reader-text\"> de &laquo;&nbsp;Bienvenue&nbsp;&raquo;<\/span><\/a><\/p>\n","protected":false},"author":1,"featured_media":0,"parent":0,"menu_order":0,"comment_status":"closed","ping_status":"closed","template":"","meta":{"footnotes":""},"class_list":["post-8","page","type-page","status-publish","hentry"],"_links":{"self":[{"href":"https:\/\/yogabrabantwallon.be\/index.php\/wp-json\/wp\/v2\/pages\/8","targetHints":{"allow":["GET"]}}],"collection":[{"href":"https:\/\/yogabrabantwallon.be\/index.php\/wp-json\/wp\/v2\/pages"}],"about":[{"href":"https:\/\/yogabrabantwallon.be\/index.php\/wp-json\/wp\/v2\/types\/page"}],"author":[{"embeddable":true,"href":"https:\/\/yogabrabantwallon.be\/index.php\/wp-json\/wp\/v2\/users\/1"}],"replies":[{"embeddable":true,"href":"https:\/\/yogabrabantwallon.be\/index.php\/wp-json\/wp\/v2\/comments?post=8"}],"version-history":[{"count":20,"href":"https:\/\/yogabrabantwallon.be\/index.php\/wp-json\/wp\/v2\/pages\/8\/revisions"}],"predecessor-version":[{"id":167,"href":"https:\/\/yogabrabantwallon.be\/index.php\/wp-json\/wp\/v2\/pages\/8\/revisions\/167"}],"wp:attachment":[{"href":"https:\/\/yogabrabantwallon.be\/index.php\/wp-json\/wp\/v2\/media?parent=8"}],"curies":[{"name":"wp","href":"https:\/\/api.w.org\/{rel}","templated":true}]}}